{"id":262,"date":"2024-10-03T12:08:52","date_gmt":"2024-10-03T10:08:52","guid":{"rendered":"https:\/\/test.aqist.com\/clients-and-partners\/"},"modified":"2024-12-02T10:53:01","modified_gmt":"2024-12-02T09:53:01","slug":"clients-and-partners","status":"publish","type":"page","link":"https:\/\/test.aqist.com\/en\/clients-and-partners\/","title":{"rendered":"Clients and partners"},"content":{"rendered":"<section class=\"l-section wpb_row us_custom_306e8b7f height_medium\"><div class=\"l-section-overlay\" style=\"background:rgba(60,60,59,0.8)\"><\/div><div class=\"l-section-h i-cf\"><div class=\"g-cols vc_row via_flex valign_middle type_default stacking_default\"><div class=\"vc_col-sm-6 wpb_column vc_column_container\"><div class=\"vc_column-inner\"><div class=\"wpb_wrapper\"><nav class=\"g-breadcrumbs us_custom_6df4bc3a has_text_color separator_icon align_left\" itemscope itemtype=\"http:\/\/schema.org\/BreadcrumbList\"><div class=\"g-breadcrumbs-item\" itemscope itemprop=\"itemListElement\" itemtype=\"http:\/\/schema.org\/ListItem\"><a itemprop=\"item\" href=\"https:\/\/test.aqist.com\/en\/\"><span itemprop=\"name\">Home<\/span><\/a><meta itemprop=\"position\" content=\"1\"\/><\/div><div class=\"g-breadcrumbs-separator\"><i class=\"far fa-angle-right\"><\/i><\/div><div class=\"g-breadcrumbs-item\">Pages<\/div><\/nav><\/div><\/div><\/div><div class=\"vc_col-sm-6 wpb_column vc_column_container\"><div class=\"vc_column-inner\"><div class=\"wpb_wrapper\"><h2 class=\"w-post-elm post_title us_custom_6df4bc3a has_text_color align_right entry-title color_link_inherit\">Clients and partners<\/h2><\/div><\/div><\/div><\/div><\/div><\/section><section class=\"l-section wpb_row height_small\"><div class=\"l-section-h i-cf\"><div class=\"g-cols vc_row via_flex valign_top type_default stacking_default\"><div class=\"vc_col-sm-12 wpb_column vc_column_container\"><div class=\"vc_column-inner\"><div class=\"wpb_wrapper\"><div class=\"g-cols wpb_row us_custom_b3525543 via_flex valign_top type_default stacking_default\"><div class=\"vc_col-sm-6 wpb_column vc_column_container\"><div class=\"vc_column-inner us_custom_42827c34\"><div class=\"wpb_wrapper\"><div class=\"wpb_text_column us_custom_009b8051 has_text_color\"><div class=\"wpb_wrapper\"><p>EG.D, a.s.<\/p>\n<\/div><\/div><div class=\"wpb_text_column us_custom_58c6a029 has_text_color\"><div class=\"wpb_wrapper\"><ul class=\"zarovnanie\">\n<li>EMERALD PROJECT<\/li>\n<li>SMART METERING PILOT PROJECT IN THE CZECH REPUBLIC<\/li>\n<li>VERIFICATION OF PLC TECHNOLOGY IN PRACTICE<\/li>\n<\/ul>\n<\/div><\/div><div class=\"w-btn-wrapper align_left\"><a class=\"w-btn us-btn-style_1 us_custom_d2199d32\" href=\"https:\/\/test.aqist.com\/en\/klienti-a-partneri\/eg-d-a-s\/\"><span class=\"w-btn-label\">More about the project<\/span><\/a><\/div><\/div><\/div><\/div><div class=\"vc_col-sm-6 wpb_column vc_column_container has_bg_color\"><div class=\"vc_column-inner us_custom_85b5c513\"><div class=\"wpb_wrapper\"><\/div><\/div><\/div><\/div><\/div><\/div><\/div><\/div><\/div><\/section><section class=\"l-section wpb_row height_auto\"><div class=\"l-section-h i-cf\"><div class=\"g-cols vc_row via_flex valign_top type_default stacking_default\"><div class=\"vc_col-sm-12 wpb_column vc_column_container\"><div class=\"vc_column-inner\"><div class=\"wpb_wrapper\"><div class=\"g-cols wpb_row us_custom_b3525543 via_flex valign_top type_default stacking_default\"><div class=\"vc_col-sm-6 wpb_column vc_column_container\"><div class=\"vc_column-inner us_custom_42827c34\"><div class=\"wpb_wrapper\"><div class=\"wpb_text_column us_custom_009b8051 has_text_color\"><div class=\"wpb_wrapper\"><p>Stredoslovensk\u00e1 distribu\u010dn\u00e1, a. s.<\/p>\n<\/div><\/div><div class=\"wpb_text_column us_custom_58c6a029 has_text_color\"><div class=\"wpb_wrapper\"><ul class=\"zarovnanie\">\n<li>CONSOLIDATED DATA COLLECTION<\/li>\n<li>INTEROPERABILITY<\/li>\n<li>REMOTE MANAGEMENT OF GAUGES<\/li>\n<li>ADVANCED SMART FUNCTIONALITIES<\/li>\n<\/ul>\n<\/div><\/div><div class=\"w-btn-wrapper align_left\"><a class=\"w-btn us-btn-style_1 us_custom_d2199d32\" href=\"https:\/\/test.aqist.com\/en\/klienti-a-partneri\/stredoslovenska-distribucna-a-s\/\"><span class=\"w-btn-label\">More about the project<\/span><\/a><\/div><\/div><\/div><\/div><div class=\"vc_col-sm-6 wpb_column vc_column_container has_bg_color\"><div class=\"vc_column-inner us_custom_b59ba040\"><div class=\"wpb_wrapper\"><\/div><\/div><\/div><\/div><\/div><\/div><\/div><\/div><\/div><\/section><section class=\"l-section wpb_row height_small\"><div class=\"l-section-h i-cf\"><div class=\"g-cols vc_row via_flex valign_top type_default stacking_default\"><div class=\"vc_col-sm-12 wpb_column vc_column_container\"><div class=\"vc_column-inner\"><div class=\"wpb_wrapper\"><div class=\"g-cols wpb_row us_custom_b3525543 via_flex valign_top type_default stacking_default\"><div class=\"vc_col-sm-6 wpb_column vc_column_container\"><div class=\"vc_column-inner us_custom_42827c34\"><div class=\"wpb_wrapper\"><div class=\"wpb_text_column us_custom_009b8051 has_text_color\"><div class=\"wpb_wrapper\"><p>SPP &#8211; distrib\u00facia, a.s.<\/p>\n<\/div><\/div><div class=\"wpb_text_column us_custom_58c6a029 has_text_color\"><div class=\"wpb_wrapper\"><ul class=\"zarovnanie\">\n<li>COMPLETE IT OUTSOURCING<\/li>\n<li>MORE THAN 20 IT SYSTEMS<\/li>\n<li>SUPPLY AND OPERATION OF BILLIENDISTRIBUTION<\/li>\n<\/ul>\n<\/div><\/div><div class=\"w-btn-wrapper align_left\"><a class=\"w-btn us-btn-style_1 us_custom_d2199d32\" href=\"https:\/\/test.aqist.com\/en\/klienti-a-partneri\/spp-distribucia-a-s\/\"><span class=\"w-btn-label\">More about the project<\/span><\/a><\/div><\/div><\/div><\/div><div class=\"vc_col-sm-6 wpb_column vc_column_container has_bg_color\"><div class=\"vc_column-inner us_custom_a5818371\"><div class=\"wpb_wrapper\"><\/div><\/div><\/div><\/div><\/div><\/div><\/div><\/div><\/div><\/section><section class=\"l-section wpb_row us_custom_72fc42ef height_auto\"><div class=\"l-section-h i-cf\"><div class=\"g-cols vc_row via_flex valign_top type_default stacking_default\"><div class=\"vc_col-sm-12 wpb_column vc_column_container\"><div class=\"vc_column-inner\"><div class=\"wpb_wrapper\"><div class=\"wpb_text_column us_custom_009b8051 has_text_color\"><div class=\"wpb_wrapper\"><p>Our partners<\/p>\n<\/div><\/div><div class=\"w-hwrapper valign_middle align_left\" style=\"--hwrapper-gap:30px\">[vc_raw_html]PGRpdiBjbGFzcz0icG9kbmFkcGlzMSI+PC9kaXY+[\/vc_raw_html][vc_raw_html]PGRpdiBjbGFzcz0icG9kbmFkcGlzMiI+PC9kaXY+[\/vc_raw_html]<\/div><\/div><\/div><\/div><\/div><\/div><\/section><section class=\"l-section wpb_row height_medium\"><div class=\"l-section-h i-cf\"><div class=\"g-cols vc_row via_flex valign_top type_default stacking_default\"><div class=\"vc_col-sm-3 wpb_column vc_column_container\"><div class=\"vc_column-inner\"><div class=\"wpb_wrapper\"><div class=\"w-image sedyobrazok align_none\"><a target=\"_blank\" href=\"https:\/\/www.tollnet.cz\/en\/\" aria-label=\"tollnet_itis_logo_1\" class=\"w-image-h\"><img decoding=\"async\" width=\"600\" height=\"400\" src=\"https:\/\/test.aqist.com\/wp-content\/uploads\/2024\/10\/tollnet_itis_logo_1.png\" class=\"attachment-full size-full\" alt=\"\" loading=\"lazy\" srcset=\"https:\/\/test.aqist.com\/wp-content\/uploads\/2024\/10\/tollnet_itis_logo_1.png 600w, https:\/\/test.aqist.com\/wp-content\/uploads\/2024\/10\/tollnet_itis_logo_1-300x200.png 300w\" sizes=\"auto, (max-width: 600px) 100vw, 600px\" \/><\/a><\/div><\/div><\/div><\/div><div class=\"vc_col-sm-3 wpb_column vc_column_container\"><div class=\"vc_column-inner\"><div class=\"wpb_wrapper\"><div class=\"w-image sedyobrazok align_none\"><a target=\"_blank\" href=\"https:\/\/www.skytoll.com\" aria-label=\"Skytoll_itis_logo\" class=\"w-image-h\"><img decoding=\"async\" width=\"600\" height=\"400\" src=\"https:\/\/test.aqist.com\/wp-content\/uploads\/2024\/10\/Skytoll_itis_logo.png\" class=\"attachment-full size-full\" alt=\"\" loading=\"lazy\" srcset=\"https:\/\/test.aqist.com\/wp-content\/uploads\/2024\/10\/Skytoll_itis_logo.png 600w, https:\/\/test.aqist.com\/wp-content\/uploads\/2024\/10\/Skytoll_itis_logo-300x200.png 300w\" sizes=\"auto, (max-width: 600px) 100vw, 600px\" \/><\/a><\/div><\/div><\/div><\/div><div class=\"vc_col-sm-3 wpb_column vc_column_container\"><div class=\"vc_column-inner\"><div class=\"wpb_wrapper\"><\/div><\/div><\/div><div class=\"vc_col-sm-3 wpb_column vc_column_container\"><div class=\"vc_column-inner\"><div class=\"wpb_wrapper\"><\/div><\/div><\/div><\/div><\/div><\/section><section class=\"l-section wpb_row us_custom_1b43dcb1 height_medium\"><div class=\"l-section-h i-cf\"><div class=\"g-cols vc_row via_flex valign_middle type_default stacking_default\"><div class=\"vc_col-sm-8 wpb_column vc_column_container\"><div class=\"vc_column-inner\"><div class=\"wpb_wrapper\"><div class=\"wpb_text_column us_custom_30501048 has_text_color\"><div class=\"wpb_wrapper\"><p>DIDN&#8217;T FIND WHAT YOU WERE LOOKING FOR?<\/p>\n<\/div><\/div><div class=\"wpb_text_column us_custom_faf0651b has_text_color\"><div class=\"wpb_wrapper\"><p>Interested in more information or have a question?<\/p>\n<\/div><\/div><\/div><\/div><\/div><div class=\"vc_col-sm-4 wpb_column vc_column_container\"><div class=\"vc_column-inner\"><div class=\"wpb_wrapper\"><div class=\"w-btn-wrapper align_justify\"><a class=\"w-btn us-btn-style_1\" href=\"https:\/\/test.aqist.com\/en\/contact\/\"><span class=\"w-btn-label\">Contact<\/span><\/a><\/div><\/div><\/div><\/div><\/div><\/div><\/section>\n","protected":false},"excerpt":{"rendered":"HomePagesClients and partnersEG.D, a.s. EMERALD PROJECT SMART METERING PILOT PROJECT IN THE CZECH REPUBLIC VERIFICATION OF PLC TECHNOLOGY IN PRACTICE More about the projectStredoslovensk\u00e1 distribu\u010dn\u00e1, a. s. CONSOLIDATED DATA COLLECTION INTEROPERABILITY REMOTE MANAGEMENT OF GAUGES ADVANCED SMART FUNCTIONALITIES More about the projectSPP &#8211; distrib\u00facia, a.s. COMPLETE IT OUTSOURCING MORE THAN 20 IT SYSTEMS SUPPLY AND...","protected":false},"author":1,"featured_media":0,"parent":0,"menu_order":0,"comment_status":"closed","ping_status":"closed","template":"","meta":{"footnotes":""},"class_list":["post-262","page","type-page","status-publish","hentry"],"_links":{"self":[{"href":"https:\/\/test.aqist.com\/en\/wp-json\/wp\/v2\/pages\/262","targetHints":{"allow":["GET"]}}],"collection":[{"href":"https:\/\/test.aqist.com\/en\/wp-json\/wp\/v2\/pages"}],"about":[{"href":"https:\/\/test.aqist.com\/en\/wp-json\/wp\/v2\/types\/page"}],"author":[{"embeddable":true,"href":"https:\/\/test.aqist.com\/en\/wp-json\/wp\/v2\/users\/1"}],"replies":[{"embeddable":true,"href":"https:\/\/test.aqist.com\/en\/wp-json\/wp\/v2\/comments?post=262"}],"version-history":[{"count":5,"href":"https:\/\/test.aqist.com\/en\/wp-json\/wp\/v2\/pages\/262\/revisions"}],"predecessor-version":[{"id":378,"href":"https:\/\/test.aqist.com\/en\/wp-json\/wp\/v2\/pages\/262\/revisions\/378"}],"wp:attachment":[{"href":"https:\/\/test.aqist.com\/en\/wp-json\/wp\/v2\/media?parent=262"}],"curies":[{"name":"wp","href":"https:\/\/api.w.org\/{rel}","templated":true}]}}