{"id":280,"date":"2024-10-03T12:07:37","date_gmt":"2024-10-03T10:07:37","guid":{"rendered":"https:\/\/test.aqist.com\/segments\/energy-suppliers\/"},"modified":"2024-10-21T20:13:46","modified_gmt":"2024-10-21T18:13:46","slug":"energy-suppliers","status":"publish","type":"page","link":"https:\/\/test.aqist.com\/en\/segments\/energy-suppliers\/","title":{"rendered":"Energy Suppliers"},"content":{"rendered":"<section class=\"l-section wpb_row us_custom_306e8b7f height_medium\"><div class=\"l-section-overlay\" style=\"background:rgba(60,60,59,0.8)\"><\/div><div class=\"l-section-h i-cf\"><div class=\"g-cols vc_row via_flex valign_middle type_default stacking_default\"><div class=\"vc_col-sm-6 wpb_column vc_column_container\"><div class=\"vc_column-inner\"><div class=\"wpb_wrapper\"><nav class=\"g-breadcrumbs us_custom_6df4bc3a has_text_color separator_icon align_left\" itemscope itemtype=\"http:\/\/schema.org\/BreadcrumbList\"><div class=\"g-breadcrumbs-item\" itemscope itemprop=\"itemListElement\" itemtype=\"http:\/\/schema.org\/ListItem\"><a itemprop=\"item\" href=\"https:\/\/test.aqist.com\/en\/\"><span itemprop=\"name\">Home<\/span><\/a><meta itemprop=\"position\" content=\"1\"\/><\/div><div class=\"g-breadcrumbs-separator\"><i class=\"far fa-angle-right\"><\/i><\/div><div class=\"g-breadcrumbs-item\">Pages<\/div><\/nav><\/div><\/div><\/div><div class=\"vc_col-sm-6 wpb_column vc_column_container\"><div class=\"vc_column-inner\"><div class=\"wpb_wrapper\"><h2 class=\"w-post-elm post_title us_custom_6df4bc3a has_text_color align_right entry-title color_link_inherit\">Energy Suppliers<\/h2><\/div><\/div><\/div><\/div><\/div><\/section><section class=\"l-section wpb_row height_medium\"><div class=\"l-section-h i-cf\"><div class=\"g-cols vc_row via_flex valign_top type_default stacking_default\"><div class=\"vc_col-sm-6 wpb_column vc_column_container\"><div class=\"vc_column-inner\"><div class=\"wpb_wrapper\"><div class=\"w-image align_none\"><div class=\"w-image-h\"><img decoding=\"async\" width=\"2000\" height=\"1333\" src=\"https:\/\/test.aqist.com\/wp-content\/uploads\/2024\/10\/sluzbyriesenia-dodavatelia-2.png\" class=\"attachment-full size-full\" alt=\"\" loading=\"lazy\" srcset=\"https:\/\/test.aqist.com\/wp-content\/uploads\/2024\/10\/sluzbyriesenia-dodavatelia-2.png 2000w, https:\/\/test.aqist.com\/wp-content\/uploads\/2024\/10\/sluzbyriesenia-dodavatelia-2-300x200.png 300w, https:\/\/test.aqist.com\/wp-content\/uploads\/2024\/10\/sluzbyriesenia-dodavatelia-2-1024x682.png 1024w\" sizes=\"auto, (max-width: 2000px) 100vw, 2000px\" \/><\/div><\/div><\/div><\/div><\/div><div class=\"vc_col-sm-6 wpb_column vc_column_container\"><div class=\"vc_column-inner\"><div class=\"wpb_wrapper\"><div class=\"wpb_text_column us_custom_30501048 has_text_color\"><div class=\"wpb_wrapper\"><p><span>ENERGY SUPPLIERS<\/span><\/p>\n<\/div><\/div><div class=\"wpb_text_column us_custom_58c6a029 has_text_color\"><div class=\"wpb_wrapper\"><p>Suppliers and energy traders are business companies supplying energy products, such as electricity and gas to end-customers ranging from wholesalers to households. They trade commodities on the wholesale market and offer their customers and prospective customers new products and services.<\/p>\n<\/div><\/div><\/div><\/div><\/div><\/div><\/div><\/section><section class=\"l-section wpb_row height_medium\"><div class=\"l-section-h i-cf\"><div class=\"g-cols vc_row via_flex valign_top type_default stacking_default\"><div class=\"vc_col-sm-12 wpb_column vc_column_container\"><div class=\"vc_column-inner\"><div class=\"wpb_wrapper\"><div class=\"wpb_text_column us_custom_009b8051 has_text_color\"><div class=\"wpb_wrapper\"><p><span>AQIST solution for energy suppliers<\/span><\/p>\n<\/div><\/div><div class=\"wpb_text_column us_custom_58c6a029 has_text_color\"><div class=\"wpb_wrapper\"><p>Aqist offers the comprehensive modular solution <strong>BillienTrade<\/strong> modular solution, which represents an efficient and flexible solution customizable according to the requirements of a particular company and covers all of its key business processes:<\/p>\n<ul>\n<li>Customer management, contract management, product catalogues<\/li>\n<li>Sales support, bid management, customer reviews<\/li>\n<li>Nominations and communication with system operators<\/li>\n<li>Billing and credit management<\/li>\n<li>Customer requirements and complaints<\/li>\n<li>Communication with market participants and end customers<\/li>\n<\/ul>\n<p>In addition to business market processes, through its partners Aqist offers solutions for ETRM (Energy Trading and Risk Management), forecasting systems as well as internal ERP systems.<\/p>\n<\/div><\/div><\/div><\/div><\/div><\/div><\/div><\/section><section class=\"l-section wpb_row height_auto\"><div class=\"l-section-h i-cf\"><div class=\"g-cols vc_row via_flex valign_top type_default stacking_default\"><div class=\"vc_col-sm-12 wpb_column vc_column_container\"><div class=\"vc_column-inner\"><div class=\"wpb_wrapper\"><div class=\"wpb_text_column us_custom_009b8051 has_text_color\"><div class=\"wpb_wrapper\"><p>Current challenges<\/p>\n<\/div><\/div><div class=\"w-hwrapper valign_middle align_left\" style=\"--hwrapper-gap:30px\">[vc_raw_html]PGRpdiBjbGFzcz0icG9kbmFkcGlzMSI+PC9kaXY+[\/vc_raw_html][vc_raw_html]PGRpdiBjbGFzcz0icG9kbmFkcGlzMiI+PC9kaXY+[\/vc_raw_html]<\/div><\/div><\/div><\/div><\/div><\/div><\/section><section class=\"l-section wpb_row height_auto\"><div class=\"l-section-h i-cf\"><div class=\"g-cols vc_row via_flex valign_top type_default stacking_default\"><div class=\"vc_col-sm-12 wpb_column vc_column_container\"><div class=\"vc_column-inner\"><div class=\"wpb_wrapper\"><div class=\"wpb_text_column us_custom_58c6a029 has_text_color\"><div class=\"wpb_wrapper\"><p>The introduction of market principles, the arrival of other players and the associated competitive pressure force energy suppliers to transform into multi-commodity and multi-product organizations offering new innovative products and services to their customers, while seeking cost savings and streamlining their own processes and activities.<\/p>\n<\/div><\/div><div class=\"w-message us_custom_b4c0c321 color_red with_icon\"><div class=\"w-message-icon\"><i class=\"fas fa-info\"><\/i><\/div><div class=\"w-message-body\"><p>Why BillienTrade<br \/>\nBillienTrade is a sectoral solution built on the Billien platform offering a number of key benefits:<\/p>\n<\/div><\/div><div class=\"wpb_text_column us_custom_58c6a029 has_text_color\"><div class=\"wpb_wrapper\"><ul class=\"sipka-v-pravo\">\n<li>Proven robust platform certified not only in the energy sector<\/li>\n<li>Flexible solution 100% customizable according to customer requirements<\/li>\n<li>Local development team with strong energy know-how<\/li>\n<li>N\u00e1kladovo efekt\u00edvne rie\u0161enie v porovnan\u00ed s nepru\u017en\u00fdmi nadn\u00e1rodn\u00fdmi rie\u0161eniami<\/li>\n<\/ul>\n<\/div><\/div><\/div><\/div><\/div><\/div><\/div><\/section><section class=\"l-section wpb_row us_custom_1b43dcb1 height_medium\"><div class=\"l-section-h i-cf\"><div class=\"g-cols vc_row via_flex valign_middle type_default stacking_default\"><div class=\"vc_col-sm-8 wpb_column vc_column_container\"><div class=\"vc_column-inner\"><div class=\"wpb_wrapper\"><div class=\"wpb_text_column us_custom_30501048 has_text_color\"><div class=\"wpb_wrapper\"><p>DIDN&#8217;T FIND WHAT YOU WERE LOOKING FOR?<\/p>\n<\/div><\/div><div class=\"wpb_text_column us_custom_faf0651b has_text_color\"><div class=\"wpb_wrapper\"><p>Interested in more information or have a question?<\/p>\n<\/div><\/div><\/div><\/div><\/div><div class=\"vc_col-sm-4 wpb_column vc_column_container\"><div class=\"vc_column-inner\"><div class=\"wpb_wrapper\"><div class=\"w-btn-wrapper align_justify\"><a class=\"w-btn us-btn-style_1\" href=\"https:\/\/test.aqist.com\/en\/contact\/\"><span class=\"w-btn-label\">Contact<\/span><\/a><\/div><\/div><\/div><\/div><\/div><\/div><\/section>\n","protected":false},"excerpt":{"rendered":"HomePagesEnergy SuppliersENERGY SUPPLIERS Suppliers and energy traders are business companies supplying energy products, such as electricity and gas to end-customers ranging from wholesalers to households. They trade commodities on the wholesale market and offer their customers and prospective customers new products and services. AQIST solution for energy suppliers Aqist offers the comprehensive modular solution BillienTrade...","protected":false},"author":1,"featured_media":0,"parent":278,"menu_order":0,"comment_status":"closed","ping_status":"closed","template":"","meta":{"footnotes":""},"class_list":["post-280","page","type-page","status-publish","hentry"],"_links":{"self":[{"href":"https:\/\/test.aqist.com\/en\/wp-json\/wp\/v2\/pages\/280","targetHints":{"allow":["GET"]}}],"collection":[{"href":"https:\/\/test.aqist.com\/en\/wp-json\/wp\/v2\/pages"}],"about":[{"href":"https:\/\/test.aqist.com\/en\/wp-json\/wp\/v2\/types\/page"}],"author":[{"embeddable":true,"href":"https:\/\/test.aqist.com\/en\/wp-json\/wp\/v2\/users\/1"}],"replies":[{"embeddable":true,"href":"https:\/\/test.aqist.com\/en\/wp-json\/wp\/v2\/comments?post=280"}],"version-history":[{"count":3,"href":"https:\/\/test.aqist.com\/en\/wp-json\/wp\/v2\/pages\/280\/revisions"}],"predecessor-version":[{"id":307,"href":"https:\/\/test.aqist.com\/en\/wp-json\/wp\/v2\/pages\/280\/revisions\/307"}],"up":[{"embeddable":true,"href":"https:\/\/test.aqist.com\/en\/wp-json\/wp\/v2\/pages\/278"}],"wp:attachment":[{"href":"https:\/\/test.aqist.com\/en\/wp-json\/wp\/v2\/media?parent=280"}],"curies":[{"name":"wp","href":"https:\/\/api.w.org\/{rel}","templated":true}]}}