{"id":289,"date":"2024-10-03T12:07:01","date_gmt":"2024-10-03T10:07:01","guid":{"rendered":"https:\/\/test.aqist.com\/segments\/transmission-system-operators\/"},"modified":"2024-10-21T20:14:04","modified_gmt":"2024-10-21T18:14:04","slug":"transmission-system-operators","status":"publish","type":"page","link":"https:\/\/test.aqist.com\/en\/segments\/transmission-system-operators\/","title":{"rendered":"Transmission System Operators"},"content":{"rendered":"<section class=\"l-section wpb_row us_custom_306e8b7f height_medium\"><div class=\"l-section-overlay\" style=\"background:rgba(60,60,59,0.8)\"><\/div><div class=\"l-section-h i-cf\"><div class=\"g-cols vc_row via_flex valign_middle type_default stacking_default\"><div class=\"vc_col-sm-6 wpb_column vc_column_container\"><div class=\"vc_column-inner\"><div class=\"wpb_wrapper\"><nav class=\"g-breadcrumbs us_custom_6df4bc3a has_text_color separator_icon align_left\" itemscope itemtype=\"http:\/\/schema.org\/BreadcrumbList\"><div class=\"g-breadcrumbs-item\" itemscope itemprop=\"itemListElement\" itemtype=\"http:\/\/schema.org\/ListItem\"><a itemprop=\"item\" href=\"https:\/\/test.aqist.com\/en\/\"><span itemprop=\"name\">Home<\/span><\/a><meta itemprop=\"position\" content=\"1\"\/><\/div><div class=\"g-breadcrumbs-separator\"><i class=\"far fa-angle-right\"><\/i><\/div><div class=\"g-breadcrumbs-item\">Pages<\/div><\/nav><\/div><\/div><\/div><div class=\"vc_col-sm-6 wpb_column vc_column_container\"><div class=\"vc_column-inner\"><div class=\"wpb_wrapper\"><h2 class=\"w-post-elm post_title us_custom_6df4bc3a has_text_color align_right entry-title color_link_inherit\">Transmission System Operators<\/h2><\/div><\/div><\/div><\/div><\/div><\/section><section class=\"l-section wpb_row height_medium\"><div class=\"l-section-h i-cf\"><div class=\"g-cols vc_row via_flex valign_top type_default stacking_default\"><div class=\"vc_col-sm-6 wpb_column vc_column_container\"><div class=\"vc_column-inner\"><div class=\"wpb_wrapper\"><div class=\"w-image align_none\"><div class=\"w-image-h\"><img decoding=\"async\" width=\"2000\" height=\"1125\" src=\"https:\/\/test.aqist.com\/wp-content\/uploads\/2024\/10\/sluzbyriesenia-prenosovasustava.png\" class=\"attachment-full size-full\" alt=\"\" loading=\"lazy\" srcset=\"https:\/\/test.aqist.com\/wp-content\/uploads\/2024\/10\/sluzbyriesenia-prenosovasustava.png 2000w, https:\/\/test.aqist.com\/wp-content\/uploads\/2024\/10\/sluzbyriesenia-prenosovasustava-300x169.png 300w, https:\/\/test.aqist.com\/wp-content\/uploads\/2024\/10\/sluzbyriesenia-prenosovasustava-1024x576.png 1024w\" sizes=\"auto, (max-width: 2000px) 100vw, 2000px\" \/><\/div><\/div><\/div><\/div><\/div><div class=\"vc_col-sm-6 wpb_column vc_column_container\"><div class=\"vc_column-inner\"><div class=\"wpb_wrapper\"><div class=\"wpb_text_column us_custom_30501048 has_text_color\"><div class=\"wpb_wrapper\"><p><span>TRANSMISSION SYSTEM OPERATORS<\/span><\/p>\n<\/div><\/div><div class=\"wpb_text_column us_custom_58c6a029 has_text_color\"><div class=\"wpb_wrapper\"><p>A transmission system or transport network operator provides the transport of energy in the form of natural gas or electricity. The role of the transmission system operator in the wholesale electricity market is to manage real-time electricity grid safety as well as coordinate supply and demand for electricity in a way that prevents frequency fluctuations or supply disruptions. The transport network operator shall support the functioning of the internal market and the cross-border trade in natural gas and ensure the optimal management, coordinated operation and technical development of the transport networks.<\/p>\n<\/div><\/div><\/div><\/div><\/div><\/div><\/div><\/section><section class=\"l-section wpb_row height_medium\"><div class=\"l-section-h i-cf\"><div class=\"g-cols vc_row via_flex valign_top type_default stacking_default\"><div class=\"vc_col-sm-12 wpb_column vc_column_container\"><div class=\"vc_column-inner\"><div class=\"wpb_wrapper\"><div class=\"wpb_text_column us_custom_009b8051 has_text_color\"><div class=\"wpb_wrapper\"><p>The AQIST solution for the operators of transmission systems \/ transport networks<\/p>\n<\/div><\/div><div class=\"wpb_text_column us_custom_58c6a029 has_text_color\"><div class=\"wpb_wrapper\"><p>Aqist offers a comprehensive modular solution, <strong>BillienTransmission<\/strong>, which represents an efficient and flexible solution customizable according to the requirements of a particular company and covers all of its key business processes:<\/p>\n<ul>\n<li>Managing customers and partners<\/li>\n<li>Cross-border and home nominations and their reconciliation<\/li>\n<li>Financial guarantees of market participants<\/li>\n<li>Managing specific products for the area of gas and electricity (support services, losses, supplementary products\u2026)<\/li>\n<li>Market operator processes<\/li>\n<li>Collection and evaluation of measured data<\/li>\n<li>Balancing and clearing deviations<\/li>\n<li>Billing<\/li>\n<li>Communication with market participants and data publishing<\/li>\n<\/ul>\n<p>In addition to business market processes, Aqist offers through its partners solutions for geographic information systems, workforce management as well as enterprise ERP systems.<\/p>\n<\/div><\/div><\/div><\/div><\/div><\/div><\/div><\/section><section class=\"l-section wpb_row height_auto\"><div class=\"l-section-h i-cf\"><div class=\"g-cols vc_row via_flex valign_top type_default stacking_default\"><div class=\"vc_col-sm-12 wpb_column vc_column_container\"><div class=\"vc_column-inner\"><div class=\"wpb_wrapper\"><div class=\"wpb_text_column us_custom_009b8051 has_text_color\"><div class=\"wpb_wrapper\"><p>Current challenges<\/p>\n<\/div><\/div><div class=\"w-hwrapper valign_middle align_left\" style=\"--hwrapper-gap:30px\">[vc_raw_html]PGRpdiBjbGFzcz0icG9kbmFkcGlzMSI+PC9kaXY+[\/vc_raw_html][vc_raw_html]PGRpdiBjbGFzcz0icG9kbmFkcGlzMiI+PC9kaXY+[\/vc_raw_html]<\/div><\/div><\/div><\/div><\/div><\/div><\/section><section class=\"l-section wpb_row height_auto\"><div class=\"l-section-h i-cf\"><div class=\"g-cols vc_row via_flex valign_top type_default stacking_default\"><div class=\"vc_col-sm-12 wpb_column vc_column_container\"><div class=\"vc_column-inner\"><div class=\"wpb_wrapper\"><div class=\"wpb_text_column us_custom_58c6a029 has_text_color\"><div class=\"wpb_wrapper\"><p>Transmission system and transport network operators are currently facing ongoing regulatory changes in a regulated environment at the national and transnational level, the needs for technological changes in the network in connection with decentralization of production, the development of smart grids, a change in the structure of production resources, requirements to continuously increase interconnection of markets and, in addition, pressures to streamline operation and optimize costs.<\/p>\n<\/div><\/div><div class=\"w-message us_custom_b4c0c321 color_red with_icon\"><div class=\"w-message-icon\"><i class=\"fas fa-info\"><\/i><\/div><div class=\"w-message-body\"><p>Why BillienTrade<br \/>\nBillienTrade is a sectoral solution built on the Billien platform offering a number of key benefits:<\/p>\n<\/div><\/div><div class=\"wpb_text_column us_custom_58c6a029 has_text_color\"><div class=\"wpb_wrapper\"><ul class=\"sipka-v-pravo\">\n<li>Proven robust platform certified not only in the energy sector<\/li>\n<li>Flexible solution 100% customizable according to customer requirements<\/li>\n<li>Local development team with strong energy know-how<\/li>\n<li>N\u00e1kladovo efekt\u00edvne rie\u0161enie v porovnan\u00ed s nepru\u017en\u00fdmi nadn\u00e1rodn\u00fdmi rie\u0161eniami<\/li>\n<\/ul>\n<\/div><\/div><\/div><\/div><\/div><\/div><\/div><\/section><section class=\"l-section wpb_row us_custom_1b43dcb1 height_medium\"><div class=\"l-section-h i-cf\"><div class=\"g-cols vc_row via_flex valign_middle type_default stacking_default\"><div class=\"vc_col-sm-8 wpb_column vc_column_container\"><div class=\"vc_column-inner\"><div class=\"wpb_wrapper\"><div class=\"wpb_text_column us_custom_30501048 has_text_color\"><div class=\"wpb_wrapper\"><p>DIDN&#8217;T FIND WHAT YOU WERE LOOKING FOR?<\/p>\n<\/div><\/div><div class=\"wpb_text_column us_custom_faf0651b has_text_color\"><div class=\"wpb_wrapper\"><p>Interested in more information or have a question?<\/p>\n<\/div><\/div><\/div><\/div><\/div><div class=\"vc_col-sm-4 wpb_column vc_column_container\"><div class=\"vc_column-inner\"><div class=\"wpb_wrapper\"><div class=\"w-btn-wrapper align_justify\"><a class=\"w-btn us-btn-style_1\" href=\"https:\/\/test.aqist.com\/en\/contact\/\"><span class=\"w-btn-label\">Contact<\/span><\/a><\/div><\/div><\/div><\/div><\/div><\/div><\/section>\n","protected":false},"excerpt":{"rendered":"HomePagesTransmission System OperatorsTRANSMISSION SYSTEM OPERATORS A transmission system or transport network operator provides the transport of energy in the form of natural gas or electricity. The role of the transmission system operator in the wholesale electricity market is to manage real-time electricity grid safety as well as coordinate supply and demand for electricity in a...","protected":false},"author":1,"featured_media":0,"parent":278,"menu_order":0,"comment_status":"closed","ping_status":"closed","template":"","meta":{"footnotes":""},"class_list":["post-289","page","type-page","status-publish","hentry"],"_links":{"self":[{"href":"https:\/\/test.aqist.com\/en\/wp-json\/wp\/v2\/pages\/289","targetHints":{"allow":["GET"]}}],"collection":[{"href":"https:\/\/test.aqist.com\/en\/wp-json\/wp\/v2\/pages"}],"about":[{"href":"https:\/\/test.aqist.com\/en\/wp-json\/wp\/v2\/types\/page"}],"author":[{"embeddable":true,"href":"https:\/\/test.aqist.com\/en\/wp-json\/wp\/v2\/users\/1"}],"replies":[{"embeddable":true,"href":"https:\/\/test.aqist.com\/en\/wp-json\/wp\/v2\/comments?post=289"}],"version-history":[{"count":3,"href":"https:\/\/test.aqist.com\/en\/wp-json\/wp\/v2\/pages\/289\/revisions"}],"predecessor-version":[{"id":309,"href":"https:\/\/test.aqist.com\/en\/wp-json\/wp\/v2\/pages\/289\/revisions\/309"}],"up":[{"embeddable":true,"href":"https:\/\/test.aqist.com\/en\/wp-json\/wp\/v2\/pages\/278"}],"wp:attachment":[{"href":"https:\/\/test.aqist.com\/en\/wp-json\/wp\/v2\/media?parent=289"}],"curies":[{"name":"wp","href":"https:\/\/api.w.org\/{rel}","templated":true}]}}